{"id":1224480,"date":"2023-07-17T11:25:27","date_gmt":"2023-07-17T03:25:27","guid":{"rendered":"https:\/\/www.h-eparts.com\/gobernanza-responsable\/"},"modified":"2026-05-11T23:20:20","modified_gmt":"2026-05-11T15:20:20","slug":"gobernanza-responsable","status":"publish","type":"page","link":"https:\/\/www.h-eparts.com\/es\/gobernanza-responsable\/","title":{"rendered":"Gobernanza responsable"},"content":{"rendered":"<p>En H-E Parts, la innovaci\u00f3n y el cumplimiento normativo son la base de nuestra misi\u00f3n. En esta p\u00e1gina encontrar\u00e1 documentos esenciales que reflejan nuestra dedicaci\u00f3n a la transparencia y la gobernanza responsable. Como proveedor independiente l\u00edder para los sectores globales de miner\u00eda, canteras, construcci\u00f3n pesada y energ\u00eda, nuestro objetivo es brindar soluciones innovadoras para mejorar el mantenimiento minero e industrial, garantizando al mismo tiempo el estricto cumplimiento de las normas. En todas nuestras sedes globales, ofrecemos repuestos, componentes y servicios de la m\u00e1s alta calidad, respaldados por una atenci\u00f3n al cliente excepcional. Como filial de Hitachi Construction Machinery, nuestro compromiso con el cumplimiento normativo y las pr\u00e1cticas \u00e9ticas es inquebrantable.     <\/p>\n<p>H-E Parts es una filial propiedad al 100% de <a href=\"https:\/\/www.hitachicm.com\/global\/en\/\">Hitachi Construction Machinery Co Ltd (HCM)<\/a>. Por lo tanto, nuestras pol\u00edticas y marcos de trabajo se ajustan a los de ellos. <\/p>\n&#13;\n<p>\u00a0<\/p>&#13;\n&#13;\n<h2 class=\"wp-block-heading\">Biblioteca de Cumplimiento, Pol\u00edticas y Garant\u00edas<\/h2>&#13;\n","protected":false},"excerpt":{"rendered":"En H-E Parts, la innovaci\u00f3n y el cumplimiento normativo son la base de nuestra misi\u00f3n. En esta p\u00e1gina encontrar\u00e1 documentos [&hellip;]","protected":false},"author":27,"featured_media":0,"parent":0,"menu_order":0,"comment_status":"closed","ping_status":"closed","template":"page-compliance.php","meta":{"_acf_changed":false,"footnotes":""},"class_list":["post-1224480","page","type-page","status-publish","hentry"],"acf":[],"aioseo_notices":[],"_links":{"self":[{"href":"https:\/\/www.h-eparts.com\/es\/wp-json\/wp\/v2\/pages\/1224480","targetHints":{"allow":["GET"]}}],"collection":[{"href":"https:\/\/www.h-eparts.com\/es\/wp-json\/wp\/v2\/pages"}],"about":[{"href":"https:\/\/www.h-eparts.com\/es\/wp-json\/wp\/v2\/types\/page"}],"author":[{"embeddable":true,"href":"https:\/\/www.h-eparts.com\/es\/wp-json\/wp\/v2\/users\/27"}],"replies":[{"embeddable":true,"href":"https:\/\/www.h-eparts.com\/es\/wp-json\/wp\/v2\/comments?post=1224480"}],"version-history":[{"count":1,"href":"https:\/\/www.h-eparts.com\/es\/wp-json\/wp\/v2\/pages\/1224480\/revisions"}],"predecessor-version":[{"id":1224506,"href":"https:\/\/www.h-eparts.com\/es\/wp-json\/wp\/v2\/pages\/1224480\/revisions\/1224506"}],"wp:attachment":[{"href":"https:\/\/www.h-eparts.com\/es\/wp-json\/wp\/v2\/media?parent=1224480"}],"curies":[{"name":"wp","href":"https:\/\/api.w.org\/{rel}","templated":true}]}}